{"id":14520,"date":"2020-10-04T20:29:38","date_gmt":"2020-10-04T23:29:38","guid":{"rendered":"https:\/\/neloreavare.com.br\/web\/?page_id=14520"},"modified":"2023-06-04T20:15:19","modified_gmt":"2023-06-04T23:15:19","slug":"contato","status":"publish","type":"page","link":"https:\/\/neloreavare.com.br\/web\/contato\/","title":{"rendered":"Contato"},"content":{"rendered":"<div class=\"wpb-content-wrapper\"><p>[vc_row][vc_column width=&#8221;1\/2&#8243;]<div role=\"form\" class=\"wpcf7\" id=\"wpcf7-f5-o1\" lang=\"pt-BR\" dir=\"ltr\">\n<div class=\"screen-reader-response\" role=\"alert\" aria-live=\"polite\"><\/div>\n<form action=\"\/web\/wp-json\/wp\/v2\/pages\/14520#wpcf7-f5-o1\" method=\"post\" class=\"wpcf7-form init\" novalidate=\"novalidate\">\n<div style=\"display: none;\">\n<input type=\"hidden\" name=\"_wpcf7\" value=\"5\" \/>\n<input type=\"hidden\" name=\"_wpcf7_version\" value=\"5.2.2\" \/>\n<input type=\"hidden\" name=\"_wpcf7_locale\" value=\"pt_BR\" \/>\n<input type=\"hidden\" name=\"_wpcf7_unit_tag\" value=\"wpcf7-f5-o1\" \/>\n<input type=\"hidden\" name=\"_wpcf7_container_post\" value=\"0\" \/>\n<input type=\"hidden\" name=\"_wpcf7_posted_data_hash\" value=\"\" \/>\n<\/div>\n<p><label> Nome<br \/>\n    <span class=\"wpcf7-form-control-wrap your-name\"><input type=\"text\" name=\"your-name\" value=\"\" size=\"40\" class=\"wpcf7-form-control wpcf7-text wpcf7-validates-as-required\" aria-required=\"true\" aria-invalid=\"false\" \/><\/span> <\/label><\/p>\n<p><label> Email<br \/>\n    <span class=\"wpcf7-form-control-wrap your-email\"><input type=\"email\" name=\"your-email\" value=\"\" size=\"40\" class=\"wpcf7-form-control wpcf7-text wpcf7-email wpcf7-validates-as-required wpcf7-validates-as-email\" aria-required=\"true\" aria-invalid=\"false\" \/><\/span> <\/label><\/p>\n<p><label> Assunto<br \/>\n    <span class=\"wpcf7-form-control-wrap your-subject\"><input type=\"text\" name=\"your-subject\" value=\"\" size=\"40\" class=\"wpcf7-form-control wpcf7-text\" aria-invalid=\"false\" \/><\/span> <\/label><\/p>\n<p><label> Mensagem<br \/>\n    <span class=\"wpcf7-form-control-wrap your-message\"><textarea name=\"your-message\" cols=\"40\" rows=\"10\" class=\"wpcf7-form-control wpcf7-textarea\" aria-invalid=\"false\"><\/textarea><\/span> <\/label><\/p>\n<p><input type=\"submit\" value=\"Enviar\" class=\"wpcf7-form-control wpcf7-submit\" \/><\/p>\n<div class=\"wpcf7-response-output\" role=\"alert\" aria-hidden=\"true\"><\/div><\/form><\/div>[\/vc_column][vc_column width=&#8221;1\/2&#8243;][vc_empty_space][vc_column_text]CONTATO ON-LINE[\/vc_column_text][vc_empty_space][vc_column_text]Parque de Exposi\u00e7\u00f5es Dr Fernando Cruz Pimentel<\/p>\n<p>Av. Mario Covas, 01 &#8211; Avar\u00e9 \/ SP<\/p>\n<p><strong><\/strong>(14) 3732 1608<\/p>\n<p><strong><\/strong>neloreavare@neloreavare.com.br[\/vc_column_text][\/vc_column][\/vc_row]<\/p>\n<\/div>","protected":false},"excerpt":{"rendered":"<p>[vc_row][vc_column width=&#8221;1\/2&#8243;][\/vc_column][vc_column width=&#8221;1\/2&#8243;][vc_empty_space][vc_column_text]CONTATO ON-LINE[\/vc_column_text][vc_empty_space][vc_column_text]Parque de Exposi\u00e7\u00f5es Dr Fernando Cruz Pimentel Av. Mario Covas, 01 &#8211; Avar\u00e9 \/ SP (14) 3732 1608 neloreavare@neloreavare.com.br[\/vc_column_text][\/vc_column][\/vc_row]<\/p>\n","protected":false},"author":1,"featured_media":0,"parent":0,"menu_order":0,"comment_status":"closed","ping_status":"closed","template":"","meta":{"ngg_post_thumbnail":0},"_links":{"self":[{"href":"https:\/\/neloreavare.com.br\/web\/wp-json\/wp\/v2\/pages\/14520"}],"collection":[{"href":"https:\/\/neloreavare.com.br\/web\/wp-json\/wp\/v2\/pages"}],"about":[{"href":"https:\/\/neloreavare.com.br\/web\/wp-json\/wp\/v2\/types\/page"}],"author":[{"embeddable":true,"href":"https:\/\/neloreavare.com.br\/web\/wp-json\/wp\/v2\/users\/1"}],"replies":[{"embeddable":true,"href":"https:\/\/neloreavare.com.br\/web\/wp-json\/wp\/v2\/comments?post=14520"}],"version-history":[{"count":6,"href":"https:\/\/neloreavare.com.br\/web\/wp-json\/wp\/v2\/pages\/14520\/revisions"}],"predecessor-version":[{"id":14650,"href":"https:\/\/neloreavare.com.br\/web\/wp-json\/wp\/v2\/pages\/14520\/revisions\/14650"}],"wp:attachment":[{"href":"https:\/\/neloreavare.com.br\/web\/wp-json\/wp\/v2\/media?parent=14520"}],"curies":[{"name":"wp","href":"https:\/\/api.w.org\/{rel}","templated":true}]}}